{"id":134,"date":"2025-04-21T18:49:03","date_gmt":"2025-04-21T16:49:03","guid":{"rendered":"https:\/\/www.illiadesculpture.com\/?post_type=product&#038;p=134"},"modified":"2025-10-17T08:01:04","modified_gmt":"2025-10-17T06:01:04","slug":"ralliement","status":"publish","type":"product","link":"https:\/\/www.illiadesculpture.com\/?product=ralliement","title":{"rendered":"Mentor"},"content":{"rendered":"<p>Cette sculpture incarne la figure du mentor, une source d&rsquo;inspiration intemporelle qui puise ses racines dans l&rsquo;Antiquit\u00e9. Elle s&rsquo;inspire des grandes figures de sagesse et de guide, \u00e0 l&rsquo;image des philosophes et des ma\u00eetres de l&rsquo;Antiquit\u00e9, tels que Socrate ou Platon, qui, par leurs enseignements, ont ouvert des voies de r\u00e9flexion et de progr\u00e8s pour les g\u00e9n\u00e9rations futures. \u00c0 travers cette \u0153uvre, le mentor devient un phare, une lumi\u00e8re qui \u00e9claire le chemin \u00e0 suivre.<\/p>\n<p>Le terme \u00ab\u00a0mentor\u00a0\u00bb trouve son origine dans l\u2019<strong>Iliade<\/strong>\u00a0d&rsquo;Hom\u00e8re, o\u00f9 Mentor est le pr\u00e9cepteur et \u00e9ducateur d\u00e9sign\u00e9 par Ulysse pour enseigner \u00e0 son fils T\u00e9l\u00e9maque, alors qu&rsquo;Ulysse part en guerre. Ce r\u00f4le de guide, de conseiller sage et averti, se retrouve dans cette sculpture qui, par son bras tendu pointant vers l&rsquo;avenir, incarne l&rsquo;id\u00e9e de direction, de conseils pr\u00e9cieux. Il ne s&rsquo;agit pas seulement de montrer du doigt, mais de guider vers l&rsquo;horizon, vers un avenir possible et prometteur. Le mentor, fort de son exp\u00e9rience et de sa sagesse, offre \u00e0 l&rsquo;\u00e9l\u00e8ve une voie \u00e0 suivre, une voie fa\u00e7onn\u00e9e par les le\u00e7ons tir\u00e9es de ses propres \u00e9preuves et succ\u00e8s. Le doigt point\u00e9 devient ainsi un symbole de transmission, une invitation \u00e0 avancer en s\u2019appuyant sur les savoirs accumul\u00e9s au fil du temps.<\/p>\n<p>La cape, quant \u00e0 elle, qui se d\u00e9ploie vers la gauche, port\u00e9e par le vent, repr\u00e9sente le pass\u00e9, l\u2019exp\u00e9rience de vie qui a fa\u00e7onn\u00e9 ce mentor. Cette cape, flottant et mouvante, incarne l\u2019histoire v\u00e9cue, les erreurs et les r\u00e9ussites qui ont permis d\u2019acqu\u00e9rir la sagesse n\u00e9cessaire pour guider les autres. Le vent qui la porte symbolise l\u2019impermanence du temps, un temps qui a fait de ce mentor une figure qui ne s\u2019arr\u00eate jamais de grandir, m\u00eame dans le souvenir du pass\u00e9. En se dirigeant vers la gauche, la cape \u00e9voque le pass\u00e9 qui nous fa\u00e7onne, mais \u00e9galement la continuit\u00e9 de l&rsquo;exp\u00e9rience humaine \u00e0 travers les \u00e2ges.<\/p>\n<p>Ainsi, cette sculpture, par son regard vers l&rsquo;avenir et sa cape ancr\u00e9e dans le pass\u00e9, illustre l&rsquo;\u00e9quilibre entre l&rsquo;exp\u00e9rience accumul\u00e9e et les conseils donn\u00e9s, montrant que le v\u00e9ritable mentor offre non seulement sa sagesse pass\u00e9e mais aussi une perspective tourn\u00e9e vers l\u2019avenir.<\/p>\n<p>&nbsp;<\/p>\n<p>Mat\u00e9riaux : r\u00e9sine et bois<\/p>\n<p>Dimension h40 l10 L10<\/p>\n<p>S\u00e9rie limit\u00e9 : 20 exemplaires<\/p>\n<p>Couleur de patine monochrome au choix<\/p>\n<p>&nbsp;<\/p>\n<p>&nbsp;<\/p>\n<p><strong>Contactez-moi pour connaitre les tarifs et pi\u00e8ces restantes : <a href=\"mailto:pierrefeuillade.sculpture@gmail.com\">pierrefeuillade.sculpture@gmail.com<\/a> ou 06 51 74 81 08<\/strong><\/p>\n","protected":false},"excerpt":{"rendered":"<p>Cette sculpture incarne la figure du mentor, une source d&rsquo;inspiration intemporelle qui puise ses racines dans l&rsquo;Antiquit\u00e9. Elle s&rsquo;inspire des grandes figures de sagesse et de guide, \u00e0 l&rsquo;image des philosophes et des ma\u00eetres de l&rsquo;Antiquit\u00e9, tels que Socrate ou Platon, qui, par leurs enseignements, ont ouvert des voies de r\u00e9flexion et de progr\u00e8s pour [&#8230;]\n","protected":false},"featured_media":18,"comment_status":"closed","ping_status":"closed","template":"","meta":[],"product_brand":[],"product_cat":[19],"product_tag":[],"class_list":{"0":"post-134","1":"product","2":"type-product","3":"status-publish","4":"has-post-thumbnail","6":"product_cat-sculpture","8":"first","9":"instock","10":"shipping-taxable","11":"product-type-simple"},"aioseo_notices":[],"jetpack_sharing_enabled":true,"_links":{"self":[{"href":"https:\/\/www.illiadesculpture.com\/index.php?rest_route=\/wp\/v2\/product\/134","targetHints":{"allow":["GET"]}}],"collection":[{"href":"https:\/\/www.illiadesculpture.com\/index.php?rest_route=\/wp\/v2\/product"}],"about":[{"href":"https:\/\/www.illiadesculpture.com\/index.php?rest_route=\/wp\/v2\/types\/product"}],"replies":[{"embeddable":true,"href":"https:\/\/www.illiadesculpture.com\/index.php?rest_route=%2Fwp%2Fv2%2Fcomments&post=134"}],"wp:featuredmedia":[{"embeddable":true,"href":"https:\/\/www.illiadesculpture.com\/index.php?rest_route=\/wp\/v2\/media\/18"}],"wp:attachment":[{"href":"https:\/\/www.illiadesculpture.com\/index.php?rest_route=%2Fwp%2Fv2%2Fmedia&parent=134"}],"wp:term":[{"taxonomy":"product_brand","embeddable":true,"href":"https:\/\/www.illiadesculpture.com\/index.php?rest_route=%2Fwp%2Fv2%2Fproduct_brand&post=134"},{"taxonomy":"product_cat","embeddable":true,"href":"https:\/\/www.illiadesculpture.com\/index.php?rest_route=%2Fwp%2Fv2%2Fproduct_cat&post=134"},{"taxonomy":"product_tag","embeddable":true,"href":"https:\/\/www.illiadesculpture.com\/index.php?rest_route=%2Fwp%2Fv2%2Fproduct_tag&post=134"}],"curies":[{"name":"wp","href":"https:\/\/api.w.org\/{rel}","templated":true}]}}