{"id":130,"date":"2025-04-21T18:44:46","date_gmt":"2025-04-21T16:44:46","guid":{"rendered":"https:\/\/www.illiadesculpture.com\/?post_type=product&#038;p=130"},"modified":"2025-10-17T08:01:42","modified_gmt":"2025-10-17T06:01:42","slug":"artefact","status":"publish","type":"product","link":"https:\/\/www.illiadesculpture.com\/?product=artefact","title":{"rendered":"Artefact"},"content":{"rendered":"<p>Cette sculpture symbolise l\u2019h\u00e9ritage technologique de notre \u00e9poque.<\/p>\n<p>Le visage repr\u00e9sente l&rsquo;homme qui se consid\u00e8re comme un dieu \u00e0 travers les technologies du transhumanisme, cherchant \u00e0 atteindre l&rsquo;immortalit\u00e9 par le transfert de la conscience dans une machine.<\/p>\n<p>La croix incarne la dimension spirituelle propre \u00e0 l\u2019\u00eatre humain, tandis que les rayons symbolisent la lumi\u00e8re divine et la sagesse suppos\u00e9e de la science, offerte par ce dieu humain.<br \/>\nLa corrosion, quant \u00e0 elle, \u00e9voque l\u2019id\u00e9e que rien n&rsquo;est \u00e9ternel : elle rappelle l\u2019impermanence de l&rsquo;univers, la mort, le passage du temps et, in fine, notre propre an\u00e9antissement.<\/p>\n<p>L\u2019\u0153uvre nous invite \u00e0 r\u00e9fl\u00e9chir \u00e0 l\u2019h\u00e9ritage que nous transmettrons aux g\u00e9n\u00e9rations futures.<\/p>\n<p>&nbsp;<\/p>\n<div>Mat\u00e9riaux : r\u00e9sine et bois<\/div>\n<div>Dimension L18 h32<\/div>\n<div>S\u00e9rie limit\u00e9 : 30 examplaire<\/div>\n<div>Patine bronze<\/div>\n<div><\/div>\n<div><\/div>\n<div><strong>Contactez-moi pour connaitre les tarifs et pi\u00e8ces restantes : <a href=\"mailto:pierrefeuillade.sculpture@gmail.com\">pierrefeuillade.sculpture@gmail.com<\/a> ou 06 51 74 81 08<\/strong><\/div>\n","protected":false},"excerpt":{"rendered":"<p>Cette sculpture symbolise l\u2019h\u00e9ritage technologique de notre \u00e9poque. Le visage repr\u00e9sente l&rsquo;homme qui se consid\u00e8re comme un dieu \u00e0 travers les technologies du transhumanisme, cherchant \u00e0 atteindre l&rsquo;immortalit\u00e9 par le transfert de la conscience dans une machine. La croix incarne la dimension spirituelle propre \u00e0 l\u2019\u00eatre humain, tandis que les rayons symbolisent la lumi\u00e8re divine [&#8230;]\n","protected":false},"featured_media":131,"comment_status":"closed","ping_status":"closed","template":"","meta":[],"product_brand":[],"product_cat":[19],"product_tag":[],"class_list":{"0":"post-130","1":"product","2":"type-product","3":"status-publish","4":"has-post-thumbnail","6":"product_cat-sculpture","8":"first","9":"instock","10":"shipping-taxable","11":"product-type-simple"},"aioseo_notices":[],"jetpack_sharing_enabled":true,"_links":{"self":[{"href":"https:\/\/www.illiadesculpture.com\/index.php?rest_route=\/wp\/v2\/product\/130","targetHints":{"allow":["GET"]}}],"collection":[{"href":"https:\/\/www.illiadesculpture.com\/index.php?rest_route=\/wp\/v2\/product"}],"about":[{"href":"https:\/\/www.illiadesculpture.com\/index.php?rest_route=\/wp\/v2\/types\/product"}],"replies":[{"embeddable":true,"href":"https:\/\/www.illiadesculpture.com\/index.php?rest_route=%2Fwp%2Fv2%2Fcomments&post=130"}],"wp:featuredmedia":[{"embeddable":true,"href":"https:\/\/www.illiadesculpture.com\/index.php?rest_route=\/wp\/v2\/media\/131"}],"wp:attachment":[{"href":"https:\/\/www.illiadesculpture.com\/index.php?rest_route=%2Fwp%2Fv2%2Fmedia&parent=130"}],"wp:term":[{"taxonomy":"product_brand","embeddable":true,"href":"https:\/\/www.illiadesculpture.com\/index.php?rest_route=%2Fwp%2Fv2%2Fproduct_brand&post=130"},{"taxonomy":"product_cat","embeddable":true,"href":"https:\/\/www.illiadesculpture.com\/index.php?rest_route=%2Fwp%2Fv2%2Fproduct_cat&post=130"},{"taxonomy":"product_tag","embeddable":true,"href":"https:\/\/www.illiadesculpture.com\/index.php?rest_route=%2Fwp%2Fv2%2Fproduct_tag&post=130"}],"curies":[{"name":"wp","href":"https:\/\/api.w.org\/{rel}","templated":true}]}}