{"id":27,"date":"2025-01-29T16:03:50","date_gmt":"2025-01-29T15:03:50","guid":{"rendered":"https:\/\/illiadesculpture.com\/?page_id=27"},"modified":"2025-10-17T11:25:00","modified_gmt":"2025-10-17T09:25:00","slug":"accueil","status":"publish","type":"page","link":"https:\/\/www.illiadesculpture.com\/","title":{"rendered":"Accueil"},"content":{"rendered":"\n\t<section class=\"section\" id=\"section_1206078643\">\n\t\t<div class=\"section-bg fill\" >\n\t\t\t\t\t\t\t\t\t\n\t\t\t\n\n\t\t<\/div>\n\n\t\t\n\n\t\t<div class=\"section-content relative\">\n\t\t\t\n\n<div class=\"row row-collapse row-full-width\"  id=\"row-246123967\">\n\n\n\t<div id=\"col-110609385\" class=\"col small-12 large-12\"  >\n\t\t\t\t<div class=\"col-inner\"  >\n\t\t\t\n\t\t\t\n\n\t<div class=\"img has-hover x md-x lg-x y md-y lg-y\" id=\"image_133360068\">\n\t\t\t\t\t\t\t\t<div class=\"img-inner dark\" >\n\t\t\t<img loading=\"lazy\" decoding=\"async\" width=\"2500\" height=\"786\" src=\"https:\/\/www.illiadesculpture.com\/wp-content\/uploads\/2025\/01\/banniere-illiade-sculpture-2500.jpg\" class=\"attachment-original size-original\" alt=\"\" srcset=\"https:\/\/www.illiadesculpture.com\/wp-content\/uploads\/2025\/01\/banniere-illiade-sculpture-2500.jpg 2500w, https:\/\/www.illiadesculpture.com\/wp-content\/uploads\/2025\/01\/banniere-illiade-sculpture-2500-600x189.jpg 600w, https:\/\/www.illiadesculpture.com\/wp-content\/uploads\/2025\/01\/banniere-illiade-sculpture-2500-300x94.jpg 300w, https:\/\/www.illiadesculpture.com\/wp-content\/uploads\/2025\/01\/banniere-illiade-sculpture-2500-1024x322.jpg 1024w, https:\/\/www.illiadesculpture.com\/wp-content\/uploads\/2025\/01\/banniere-illiade-sculpture-2500-768x241.jpg 768w, https:\/\/www.illiadesculpture.com\/wp-content\/uploads\/2025\/01\/banniere-illiade-sculpture-2500-1536x483.jpg 1536w, https:\/\/www.illiadesculpture.com\/wp-content\/uploads\/2025\/01\/banniere-illiade-sculpture-2500-2048x644.jpg 2048w\" sizes=\"auto, (max-width: 2500px) 100vw, 2500px\" \/>\t\t\t\t\t\t\n\t\t\t\t\t<\/div>\n\t\t\t\t\t\t\t\t\n<style>\n#image_133360068 {\n  width: 100%;\n}\n<\/style>\n\t<\/div>\n\t\n\n\n\t\t<\/div>\n\t\t\t\t\t<\/div>\n\n\t\n\n<\/div>\n\n\t\t<\/div>\n\n\t\t\n<style>\n#section_1206078643 {\n  padding-top: 0px;\n  padding-bottom: 0px;\n}\n<\/style>\n\t<\/section>\n\t\n\n\t<section class=\"section\" id=\"section_966107364\">\n\t\t<div class=\"section-bg fill\" >\n\t\t\t\t\t\t\t\t\t<div class=\"section-bg-overlay absolute fill\"><\/div>\n\t\t\t\n\n\t\t<\/div>\n\n\t\t\n\n\t\t<div class=\"section-content relative\">\n\t\t\t\n\n<div class=\"row row-large align-middle\"  id=\"row-1823465266\">\n\n\n\t<div id=\"col-2063607091\" class=\"col medium-6 small-12 large-6\"  >\n\t\t\t\t<div class=\"col-inner\"  >\n\t\t\t\n\t\t\t\n\n\t<div class=\"img has-hover x md-x lg-x y md-y lg-y\" id=\"image_1264182748\">\n\t\t\t\t\t\t\t\t<div class=\"img-inner dark\" >\n\t\t\t<img loading=\"lazy\" decoding=\"async\" width=\"1920\" height=\"1281\" src=\"https:\/\/www.illiadesculpture.com\/wp-content\/uploads\/2025\/01\/DID0142-2500.jpg\" class=\"attachment-original size-original\" alt=\"\" srcset=\"https:\/\/www.illiadesculpture.com\/wp-content\/uploads\/2025\/01\/DID0142-2500.jpg 1920w, https:\/\/www.illiadesculpture.com\/wp-content\/uploads\/2025\/01\/DID0142-2500-600x400.jpg 600w, https:\/\/www.illiadesculpture.com\/wp-content\/uploads\/2025\/01\/DID0142-2500-300x200.jpg 300w, https:\/\/www.illiadesculpture.com\/wp-content\/uploads\/2025\/01\/DID0142-2500-1024x683.jpg 1024w, https:\/\/www.illiadesculpture.com\/wp-content\/uploads\/2025\/01\/DID0142-2500-768x512.jpg 768w, https:\/\/www.illiadesculpture.com\/wp-content\/uploads\/2025\/01\/DID0142-2500-1536x1025.jpg 1536w\" sizes=\"auto, (max-width: 1920px) 100vw, 1920px\" \/>\t\t\t\t\t\t\n\t\t\t\t\t<\/div>\n\t\t\t\t\t\t\t\t\n<style>\n#image_1264182748 {\n  width: 100%;\n}\n@media (min-width:850px) {\n  #image_1264182748 {\n    width: 100%;\n  }\n}\n<\/style>\n\t<\/div>\n\t\n\n\n\t\t<\/div>\n\t\t\t\t\t<\/div>\n\n\t\n\n\t<div id=\"col-1449682768\" class=\"col medium-6 small-12 large-6\"  >\n\t\t\t\t<div class=\"col-inner text-left\"  >\n\t\t\t\n\t\t\t\n\n<h2>Pierre Feuillade<\/h2>\n<p class=\"p1\">Sculpteur passionn\u00e9, avec plus de dix ans d&rsquo;exp\u00e9rience \u00e0 fa\u00e7onner des mondes fantastiques \u00e0 travers mes cr\u00e9ations. Mon univers ? Des cr\u00e9atures, des monstres et des personnages issus de l&rsquo;heroic fantasy et des l\u00e9gendes, impliquant je donne vie en jouant sur leurs traits de caract\u00e8re, l&rsquo;expressivit\u00e9 de leurs visages, et la posture dynamique de leurs corps.<\/p>\n\n\t\t<\/div>\n\t\t\t\t\t<\/div>\n\n\t\n\n\t<div id=\"col-1584801989\" class=\"col small-12 large-12\"  >\n\t\t\t\t<div class=\"col-inner\"  >\n\t\t\t\n\t\t\t\n\n<p class=\"p1\"><span class=\"s1\">Depuis toujours, j&rsquo;aime sculpter, peu importe le mat\u00e9riau : j&rsquo;ai cette fascination pour la cr\u00e9ation en volume. \u00c0 17 ans, j&rsquo;ai plong\u00e9 dans cet univers en me formant aupr\u00e8s du sculpteur Prime Vadi au Mus\u00e9e des Beaux-Arts de Chartres. Pendant trois ans, j&rsquo;y ai appris la sculpture et le modelage traditionnels, ainsi que des techniques modernes comme le moulage au pl\u00e2tre \u00e0 creux perdu et le moulage au silicone. Depuis, je ma\u00eetrise une large palette de mat\u00e9riaux : plastiline, p\u00e2te \u00e9poxy, argile, pl\u00e2tre, p\u00e2te polym\u00e8re\u2026 et je m&rsquo;adapte \u00e0 chaque projet avec les techniques ad\u00e9quates, du moulage silicone \u00e0 la cr\u00e9ation de pi\u00e8ces uniques en r\u00e9sine ou en impression 3D. .<\/span><\/p>\n\n\t\t<\/div>\n\t\t\t\t\t<\/div>\n\n\t\n\n\t<div id=\"col-1412802090\" class=\"col medium-8 small-12 large-8\"  >\n\t\t\t\t<div class=\"col-inner\"  >\n\t\t\t\n\t\t\t\n\n<p class=\"p1\"><span class=\"s1\">En autodidacte curieux et constamment en qu\u00eate de nouvelles comp\u00e9tences, j&rsquo;ai su enrichir mon savoir-faire au fil des \u00e9tapes et des exp\u00e9riences personnelles. Mon atelier \u00e0 La Loupe est mon terrain de jeu, o\u00f9 l&rsquo;outillage classique c\u00f4toie d\u00e9sormais un espace d\u00e9di\u00e9 \u00e0 la cr\u00e9ation 3D avec le logiciel ZBrush et plusieurs imprimantes 3D.<\/span><\/p>\n<p class=\"p1\"><span class=\"s1\">Je puise mon inspiration dans des influences vari\u00e9es. C\u00f4t\u00e9 classique, les \u0153uvres de Rodin, Michel-Ange et Bernini me fascinent par leur ma\u00eetrise du mouvement et de l&rsquo;\u00e9motion. Dans le domaine moderne, Christophe Charbonnel, Richard MacDonald, Marc Newman ou encore Simon Lee m&rsquo;impressionnent par leur audace cr\u00e9ative.<\/span><\/p>\n<blockquote>\n<p class=\"p1\"><span class=\"s1\">Mes univers sont multiples : <\/span><\/p>\n<\/blockquote>\n<p class=\"p1\"><span class=\"s1\">heroic fantasy, science-fiction, antiquit\u00e9, contes et l\u00e9gendes&#8230; J&rsquo;adore m\u00e9langer les id\u00e9es, les transcender, et donner \u00e0 chaque cr\u00e9ation une identit\u00e9 unique. Je sculpte avec une grande vari\u00e9t\u00e9 de mat\u00e9riaux, de l&rsquo;argile \u00e0 la Monsterclay en passant par le pl\u00e2tre ou les p\u00e2tes \u00e9poxy, sans oublier la cire d&rsquo;abeille, parfois m\u00eame utilis\u00e9e pour des cr\u00e9ations destin\u00e9es aux plus jeunes.<\/span><\/p>\n<p class=\"p1\"><strong><span class=\"s1\">Mon travail, <\/span><span class=\"s1\">c&rsquo;est avant tout une qu\u00eate d&rsquo;originalit\u00e9, de dynamisme et d&rsquo;expressivit\u00e9, o\u00f9 chaque pi\u00e8ce raconte une histoire.<\/span><\/strong><\/p>\n\n\t\t<\/div>\n\t\t\t\t\t<\/div>\n\n\t\n\n\t<div id=\"col-1141640224\" class=\"col medium-4 small-12 large-4\"  >\n\t\t\t\t<div class=\"col-inner\"  >\n\t\t\t\n\t\t\t\n\n\t<div class=\"img has-hover x md-x lg-x y md-y lg-y\" id=\"image_448793447\">\n\t\t\t\t\t\t\t\t<div class=\"img-inner dark\" >\n\t\t\t<img loading=\"lazy\" decoding=\"async\" width=\"675\" height=\"1200\" src=\"https:\/\/www.illiadesculpture.com\/wp-content\/uploads\/2025\/04\/renaissance.jpg\" class=\"attachment-original size-original\" alt=\"\" srcset=\"https:\/\/www.illiadesculpture.com\/wp-content\/uploads\/2025\/04\/renaissance.jpg 675w, https:\/\/www.illiadesculpture.com\/wp-content\/uploads\/2025\/04\/renaissance-169x300.jpg 169w, https:\/\/www.illiadesculpture.com\/wp-content\/uploads\/2025\/04\/renaissance-576x1024.jpg 576w, https:\/\/www.illiadesculpture.com\/wp-content\/uploads\/2025\/04\/renaissance-600x1067.jpg 600w\" sizes=\"auto, (max-width: 675px) 100vw, 675px\" \/>\t\t\t\t\t\t\n\t\t\t\t\t<\/div>\n\t\t\t\t\t\t\t\t\n<style>\n#image_448793447 {\n  width: 100%;\n}\n<\/style>\n\t<\/div>\n\t\n\n\n\t\t<\/div>\n\t\t\t\t\t<\/div>\n\n\t\n\n<\/div>\n\n\t\t<\/div>\n\n\t\t\n<style>\n#section_966107364 {\n  padding-top: 60px;\n  padding-bottom: 60px;\n  background-color: rgb(193, 193, 193);\n}\n#section_966107364 .section-bg-overlay {\n  background-color: rgba(255, 255, 255, 0.85);\n}\n<\/style>\n\t<\/section>\n\t\n\n\t<section class=\"section\" id=\"section_1564948732\">\n\t\t<div class=\"section-bg fill\" >\n\t\t\t<img loading=\"lazy\" decoding=\"async\" width=\"512\" height=\"512\" src=\"https:\/\/www.illiadesculpture.com\/wp-content\/uploads\/2025\/01\/cropped-logo-illiade-sculpture.jpg\" class=\"bg attachment-original size-original\" alt=\"\" \/>\t\t\t\t\t\t<div class=\"section-bg-overlay absolute fill\"><\/div>\n\t\t\t\n\n\t\t<\/div>\n\n\t\t\n\n\t\t<div class=\"section-content relative\">\n\t\t\t\n\n<div class=\"row align-middle align-center\"  id=\"row-320140217\">\n\n\n\t<div id=\"col-356804248\" class=\"col medium-6 small-12 large-6\"  >\n\t\t\t\t<div class=\"col-inner\"  >\n\t\t\t\n\t\t\t\n\n\t<div id=\"text-3302699007\" class=\"text\">\n\t\t\n\n<h2>Me contacter<\/h2>\n<p>Atelier :<\/p>\n<p>4 avenue de Beauce<br \/>28240 La Loupe<\/p>\n<p>tel: 06 51 74 81 08<\/p>\n\t\t\n<style>\n#text-3302699007 {\n  font-size: 1.25rem;\n  text-align: center;\n  color: rgb(255,255,255);\n}\n#text-3302699007 > * {\n  color: rgb(255,255,255);\n}\n<\/style>\n\t<\/div>\n\t\n<div class=\"social-icons follow-icons full-width text-center\" ><a href=\"https:\/\/www.facebook.com\/pierre.feuillade\" target=\"_blank\" data-label=\"Facebook\" class=\"icon button circle is-outline facebook tooltip\" title=\"Nous suivre sur Facebook\" aria-label=\"Nous suivre sur Facebook\" rel=\"noopener nofollow\" ><i class=\"icon-facebook\" ><\/i><\/a><a href=\"https:\/\/www.instagram.com\/feuilladepierre\/\" target=\"_blank\" data-label=\"Instagram\" class=\"icon button circle is-outline instagram tooltip\" title=\"Nous suivre sur Instagram\" aria-label=\"Nous suivre sur Instagram\" rel=\"noopener nofollow\" ><i class=\"icon-instagram\" ><\/i><\/a><a href=\"mailto:pierrefeuillade.sculpture@gmail.com\" data-label=\"E-mail\" target=\"_blank\" class=\"icon button circle is-outline email tooltip\" title=\"Nous envoyer un email\" aria-label=\"Nous envoyer un email\" rel=\"nofollow noopener\" ><i class=\"icon-envelop\" ><\/i><\/a><\/div>\n\n\n\t\t<\/div>\n\t\t\t\t\t<\/div>\n\n\t\n\n\t<div id=\"col-1486995242\" class=\"col medium-6 small-12 large-6\"  >\n\t\t\t\t<div class=\"col-inner\"  >\n\t\t\t\n\t\t\t\n\n\n\n<iframe src=\"https:\/\/www.google.com\/maps\/embed?pb=!1m17!1m12!1m3!1d661.27500739049!2d1.0158042696559106!3d48.47379488730743!2m3!1f0!2f0!3f0!3m2!1i1024!2i768!4f13.1!3m2!1m1!2zNDjCsDI4JzI1LjciTiAxwrAwMCc1OS4yIkU!5e0!3m2!1sfr!2sfr!4v1745251092800!5m2!1sfr!2sfr\" width=\"600\" height=\"450\" style=\"border:0;\" allowfullscreen=\"\" loading=\"lazy\" referrerpolicy=\"no-referrer-when-downgrade\"><\/iframe>\n\n\n\t\t<\/div>\n\t\t\t\t\t<\/div>\n\n\t\n\n<\/div>\n\n\t\t<\/div>\n\n\t\t\n<style>\n#section_1564948732 {\n  padding-top: 30px;\n  padding-bottom: 30px;\n}\n#section_1564948732 .section-bg-overlay {\n  background-color: rgba(21, 47, 36, 0.9);\n}\n<\/style>\n\t<\/section>\n\t","protected":false},"excerpt":{"rendered":"","protected":false},"author":1,"featured_media":0,"parent":0,"menu_order":0,"comment_status":"closed","ping_status":"closed","template":"page-blank.php","meta":{"footnotes":""},"class_list":["post-27","page","type-page","status-publish","hentry"],"aioseo_notices":[],"jetpack_sharing_enabled":true,"_links":{"self":[{"href":"https:\/\/www.illiadesculpture.com\/index.php?rest_route=\/wp\/v2\/pages\/27","targetHints":{"allow":["GET"]}}],"collection":[{"href":"https:\/\/www.illiadesculpture.com\/index.php?rest_route=\/wp\/v2\/pages"}],"about":[{"href":"https:\/\/www.illiadesculpture.com\/index.php?rest_route=\/wp\/v2\/types\/page"}],"author":[{"embeddable":true,"href":"https:\/\/www.illiadesculpture.com\/index.php?rest_route=\/wp\/v2\/users\/1"}],"replies":[{"embeddable":true,"href":"https:\/\/www.illiadesculpture.com\/index.php?rest_route=%2Fwp%2Fv2%2Fcomments&post=27"}],"version-history":[{"count":15,"href":"https:\/\/www.illiadesculpture.com\/index.php?rest_route=\/wp\/v2\/pages\/27\/revisions"}],"predecessor-version":[{"id":146,"href":"https:\/\/www.illiadesculpture.com\/index.php?rest_route=\/wp\/v2\/pages\/27\/revisions\/146"}],"wp:attachment":[{"href":"https:\/\/www.illiadesculpture.com\/index.php?rest_route=%2Fwp%2Fv2%2Fmedia&parent=27"}],"curies":[{"name":"wp","href":"https:\/\/api.w.org\/{rel}","templated":true}]}}